{"id":575,"date":"2017-03-22T08:40:25","date_gmt":"2017-03-22T07:40:25","guid":{"rendered":"http:\/\/www.epm-mittweida.de\/?page_id=575"},"modified":"2024-02-23T13:40:40","modified_gmt":"2024-02-23T12:40:40","slug":"karriere-ausbildung","status":"publish","type":"page","link":"https:\/\/www.epm-mittweida.de\/index.php\/karriere-ausbildung\/","title":{"rendered":"Karriere"},"content":{"rendered":"<p><img loading=\"lazy\" decoding=\"async\" class=\"wp-image-200 alignleft\" src=\"https:\/\/www.epm-mittweida.de\/wp-content\/uploads\/2016\/06\/karriere-300x198.png\" alt=\"\" width=\"274\" height=\"181\" srcset=\"https:\/\/www.epm-mittweida.de\/wp-content\/uploads\/2016\/06\/karriere-300x198.png 300w, https:\/\/www.epm-mittweida.de\/wp-content\/uploads\/2016\/06\/karriere.png 455w\" sizes=\"auto, (max-width: 274px) 100vw, 274px\" \/><\/p>\n<p><em>Wir sind ein st\u00e4ndig wachsendes Unternehmen im Bereich &#8222;anschlussfertige Maschinen- und Anlagensteuerungen&#8220;. Wir projektieren und fertigen komplette elektrische Schaltanlagen f\u00fcr alle Branchen und entwickeln Softwarel\u00f6sungen nach Ma\u00df f\u00fcr die Steuerung industrieller Anlagen. Daher sind wir auf der Suche nach engagierten Mitarbeitern f\u00fcr unsere anspruchsvollen Projekte.<\/em><\/p>\n<p><span style=\"color: #ff0000;\"><em><strong>Karriere:<\/strong><\/em><\/span><\/p>\n<p>Sollten wir Ihr Interesse geweckt haben und Sie an einer anspruchsvollen T\u00e4tigkeit in einem der folgenden Bereiche interessiert sein, senden Sie Ihre Unterlagen bitte an die in der Ausschreibung genannten Stelle.<\/p>\n<\/p>\n\n\n<div class=\"wp-block-media-text is-stacked-on-mobile\"><figure class=\"wp-block-media-text__media\"><div style=\"width: 480px;\" class=\"wp-video\"><video class=\"wp-video-shortcode\" id=\"video-575-1\" width=\"480\" height=\"480\" preload=\"metadata\" controls=\"controls\"><source type=\"video\/mp4\" src=\"https:\/\/www.epm-mittweida.de\/wp-content\/uploads\/2024\/01\/4.mp4?_=1\" \/><a href=\"https:\/\/www.epm-mittweida.de\/wp-content\/uploads\/2024\/01\/4.mp4\">https:\/\/www.epm-mittweida.de\/wp-content\/uploads\/2024\/01\/4.mp4<\/a><\/video><\/div><\/figure><div class=\"wp-block-media-text__content\"><div class=\"wp-block-button\"><br><a class=\"wp-block-button__link wp-element-button\" href=\"https:\/\/www.epm-mittweida.de\/wp-content\/uploads\/2023\/03\/2023-Stellenangebot-ElektrokonstrukteurIn.pdf\">Stellenangebot Elektrokonstrukteur*in<\/a><\/div><\/div><\/div>\n\n\n<\/p>\n\n\n<div class=\"wp-block-media-text has-media-on-the-right is-stacked-on-mobile\"><div class=\"wp-block-media-text__content\"> \n<p><br><a class=\"wp-block-button__link wp-element-button\" href=\"https:\/\/www.epm-mittweida.de\/wp-content\/uploads\/2023\/03\/2023-Profil-Software-EntwicklerIN.pdf\">Stellenangebot Software-Entwickler*in<\/a><\/p>\n<\/div><figure class=\"wp-block-media-text__media\">\n<div style=\"width: 480px;\" class=\"wp-video\"><video class=\"wp-video-shortcode\" id=\"video-575-2\" width=\"480\" height=\"480\" preload=\"metadata\" controls=\"controls\"><source type=\"video\/mp4\" src=\"https:\/\/www.epm-mittweida.de\/wp-content\/uploads\/2024\/01\/3.mp4?_=2\" \/><a href=\"https:\/\/www.epm-mittweida.de\/wp-content\/uploads\/2024\/01\/3.mp4\">https:\/\/www.epm-mittweida.de\/wp-content\/uploads\/2024\/01\/3.mp4<\/a><\/video><\/div><\/figure><\/div>\n\n\n<p>\u00a0<\/p>\n<p>Weitere Stellenangebote:<\/p>\n\n\n<p><a class=\"wp-block-button__link wp-element-button\" href=\"https:\/\/www.epm-mittweida.de\/wp-content\/uploads\/2023\/03\/2023-Stellenangebot-SchaltschrankmonteurIn.pdf\">Stellenangebot Schaltschrankmonteur*in<\/a><\/p>\n\n<p><a class=\"wp-block-button__link wp-element-button\" href=\"https:\/\/www.epm-mittweida.de\/wp-content\/uploads\/2023\/03\/Stellenangebot-Vertriebsmitarbeiterin_neu1.pdf\">Stellenangebot Vertriebsmitarbeiter(in)<\/a><\/p>\n\n<p>\u00a0<\/p>\n<p><span style=\"color: #ff0000;\"><em><strong>Ausbildung:<\/strong><\/em><\/span><\/p>\n<p>Wir haben Deine Aufmerksamkeit, und Du bist interessiert an einem der folgenden, spannenden Ausbildungsberufe? Dann sende Deine Bewerbungsunterlagen bitte an die in der Ausschreibung angegebene Stelle.<\/p>\n\n<p><a class=\"wp-block-button__link wp-element-button\" href=\"https:\/\/www.epm-mittweida.de\/wp-content\/uploads\/2020\/03\/Stellenangebot-Ausbildung-Elektroniker-AT-2020.pdf\">Stellenangebot Ausbildung Elektroniker*in AT<\/a><\/p>\n<p><a class=\"wp-block-button__link wp-element-button\" href=\"https:\/\/www.epm-mittweida.de\/wp-content\/uploads\/2020\/03\/Stellenangebot-Ausbildung-Industrieelektriker-BT-2020.pdf\">Stellenangebot Ausbildung Industrieelektriker*in BT<\/a><\/p>\n<br>\n<p><a style=\"pointer-events: none;\" href=\"https:\/\/www.epm-mittweida.de\/wp-content\/uploads\/2018\/05\/Sachsen.png\"><img loading=\"lazy\" decoding=\"async\" class=\"aligncenter  wp-image-644\" src=\"https:\/\/www.epm-mittweida.de\/wp-content\/uploads\/2018\/05\/Sachsen-1024x113.png\" alt=\"\" width=\"974\" height=\"108\" srcset=\"https:\/\/www.epm-mittweida.de\/wp-content\/uploads\/2018\/05\/Sachsen-1024x113.png 1024w, https:\/\/www.epm-mittweida.de\/wp-content\/uploads\/2018\/05\/Sachsen-300x33.png 300w, https:\/\/www.epm-mittweida.de\/wp-content\/uploads\/2018\/05\/Sachsen-768x85.png 768w\" sizes=\"auto, (max-width: 974px) 100vw, 974px\" \/><\/a><\/p>\n<p style=\"text-align: center;\">In Zusammenarbeit mit dem BWC als Verbundpartner f\u00fcr die Berufe Industrieelektriker-BT und Elektroniker-AT<\/p>\n<p style=\"text-align: center;\">wird folgendes Projekt gef\u00f6rdert:<\/p>\n<p style=\"text-align: center;\"><strong>Projekt-Nr.: <b>100536881<\/b><\/strong><\/p>","protected":false},"excerpt":{"rendered":"<p>Wir sind ein st\u00e4ndig wachsendes Unternehmen im Bereich &#8222;anschlussfertige Maschinen- und Anlagensteuerungen&#8220;. Wir projektieren und fertigen komplette elektrische Schaltanlagen f\u00fcr alle Branchen und entwickeln Softwarel\u00f6sungen nach Ma\u00df f\u00fcr die Steuerung industrieller Anlagen. Daher sind wir auf der Suche nach engagierten Mitarbeitern f\u00fcr unsere anspruchsvollen Projekte. Karriere: Sollten wir Ihr Interesse geweckt haben und Sie an<a href=\"https:\/\/www.epm-mittweida.de\/index.php\/karriere-ausbildung\/\">[&#8230;]<\/a><\/p>\n","protected":false},"author":1,"featured_media":0,"parent":0,"menu_order":0,"comment_status":"closed","ping_status":"closed","template":"template-fullwidth-no-title.php","meta":{"footnotes":""},"class_list":["post-575","page","type-page","status-publish","hentry"],"_links":{"self":[{"href":"https:\/\/www.epm-mittweida.de\/index.php\/wp-json\/wp\/v2\/pages\/575","targetHints":{"allow":["GET"]}}],"collection":[{"href":"https:\/\/www.epm-mittweida.de\/index.php\/wp-json\/wp\/v2\/pages"}],"about":[{"href":"https:\/\/www.epm-mittweida.de\/index.php\/wp-json\/wp\/v2\/types\/page"}],"author":[{"embeddable":true,"href":"https:\/\/www.epm-mittweida.de\/index.php\/wp-json\/wp\/v2\/users\/1"}],"replies":[{"embeddable":true,"href":"https:\/\/www.epm-mittweida.de\/index.php\/wp-json\/wp\/v2\/comments?post=575"}],"version-history":[{"count":124,"href":"https:\/\/www.epm-mittweida.de\/index.php\/wp-json\/wp\/v2\/pages\/575\/revisions"}],"predecessor-version":[{"id":1010,"href":"https:\/\/www.epm-mittweida.de\/index.php\/wp-json\/wp\/v2\/pages\/575\/revisions\/1010"}],"wp:attachment":[{"href":"https:\/\/www.epm-mittweida.de\/index.php\/wp-json\/wp\/v2\/media?parent=575"}],"curies":[{"name":"wp","href":"https:\/\/api.w.org\/{rel}","templated":true}]}}