{"id":148,"date":"2016-05-27T11:28:58","date_gmt":"2016-05-27T09:28:58","guid":{"rendered":"http:\/\/localhost\/wordpress\/?page_id=2"},"modified":"2016-05-27T11:28:58","modified_gmt":"2016-05-27T09:28:58","slug":"beispiel-seite","status":"publish","type":"page","link":"https:\/\/www.epm-mittweida.de\/index.php\/beispiel-seite\/","title":{"rendered":"EPM &#8211; Schaltanlagenbau"},"content":{"rendered":"<p><strong>&#8222;EPM Elektro-Projekt Mittweida GmbH&#8220;<\/strong> ist als <strong>innovativer Systemlieferant<\/strong> f\u00fcr anschlussfertige Maschinen- und Anlagensteuerungen ein <strong>renommierter Partner f\u00fcr nahezu alle Industriezweige<\/strong>. Wir projektieren und fertigen <strong>komplette elektrische Schaltanlagen f\u00fcr alle Branchen<\/strong> und entwickeln <strong>Softwarel\u00f6sungen nach Ma\u00df<\/strong> f\u00fcr die Steuerungen industrieller Anlagen.<\/p>\n","protected":false},"excerpt":{"rendered":"<p>&#8222;EPM Elektro-Projekt Mittweida GmbH&#8220; ist als innovativer Systemlieferant f\u00fcr anschlussfertige Maschinen- und Anlagensteuerungen ein renommierter Partner f\u00fcr nahezu alle Industriezweige. Wir projektieren und fertigen komplette elektrische Schaltanlagen f\u00fcr alle Branchen und entwickeln Softwarel\u00f6sungen nach Ma\u00df f\u00fcr die Steuerungen industrieller Anlagen.<\/p>\n","protected":false},"author":1,"featured_media":0,"parent":0,"menu_order":0,"comment_status":"closed","ping_status":"open","template":"","meta":{"footnotes":""},"class_list":["post-148","page","type-page","status-publish","hentry"],"_links":{"self":[{"href":"https:\/\/www.epm-mittweida.de\/index.php\/wp-json\/wp\/v2\/pages\/148","targetHints":{"allow":["GET"]}}],"collection":[{"href":"https:\/\/www.epm-mittweida.de\/index.php\/wp-json\/wp\/v2\/pages"}],"about":[{"href":"https:\/\/www.epm-mittweida.de\/index.php\/wp-json\/wp\/v2\/types\/page"}],"author":[{"embeddable":true,"href":"https:\/\/www.epm-mittweida.de\/index.php\/wp-json\/wp\/v2\/users\/1"}],"replies":[{"embeddable":true,"href":"https:\/\/www.epm-mittweida.de\/index.php\/wp-json\/wp\/v2\/comments?post=148"}],"version-history":[{"count":0,"href":"https:\/\/www.epm-mittweida.de\/index.php\/wp-json\/wp\/v2\/pages\/148\/revisions"}],"wp:attachment":[{"href":"https:\/\/www.epm-mittweida.de\/index.php\/wp-json\/wp\/v2\/media?parent=148"}],"curies":[{"name":"wp","href":"https:\/\/api.w.org\/{rel}","templated":true}]}}